{"id":2550,"date":"2025-10-15T10:29:25","date_gmt":"2025-10-15T08:29:25","guid":{"rendered":"https:\/\/flextil.eu\/general-terms\/"},"modified":"2025-11-18T13:15:34","modified_gmt":"2025-11-18T12:15:34","slug":"general-terms","status":"publish","type":"page","link":"https:\/\/flextil.eu\/en\/general-terms\/","title":{"rendered":"GTC"},"content":{"rendered":"\t\t<div data-elementor-type=\"wp-page\" data-elementor-id=\"2550\" class=\"elementor elementor-2550 elementor-1910\" data-elementor-post-type=\"page\">\n\t\t\t\t\t\t<section class=\"elementor-section elementor-top-section elementor-element elementor-element-74206d1 elementor-section-boxed elementor-section-height-default elementor-section-height-default\" data-id=\"74206d1\" data-element_type=\"section\" data-e-type=\"section\">\n\t\t\t\t\t\t<div class=\"elementor-container elementor-column-gap-default\">\n\t\t\t\t\t<div class=\"elementor-column elementor-col-100 elementor-top-column elementor-element elementor-element-a123706\" data-id=\"a123706\" data-element_type=\"column\" data-e-type=\"column\">\n\t\t\t<div class=\"elementor-widget-wrap elementor-element-populated\">\n\t\t\t\t\t\t<div class=\"elementor-element elementor-element-19b31e5 elementor-widget elementor-widget-heading\" data-id=\"19b31e5\" data-element_type=\"widget\" data-e-type=\"widget\" data-widget_type=\"heading.default\">\n\t\t\t\t<div class=\"elementor-widget-container\">\n\t\t\t\t\t<h2 class=\"elementor-heading-title elementor-size-default\">GENERAL TERMS AND CONDITIONS OF SALE \nOF TEXTRADE KFT.\n<\/h2>\t\t\t\t<\/div>\n\t\t\t\t<\/div>\n\t\t\t\t\t<\/div>\n\t\t<\/div>\n\t\t\t\t\t<\/div>\n\t\t<\/section>\n\t\t\t\t<section class=\"elementor-section elementor-top-section elementor-element elementor-element-a93b99e elementor-section-boxed elementor-section-height-default elementor-section-height-default\" data-id=\"a93b99e\" data-element_type=\"section\" data-e-type=\"section\">\n\t\t\t\t\t\t<div class=\"elementor-container elementor-column-gap-default\">\n\t\t\t\t\t<div class=\"elementor-column elementor-col-100 elementor-top-column elementor-element elementor-element-6e5283b\" data-id=\"6e5283b\" data-element_type=\"column\" data-e-type=\"column\">\n\t\t\t<div class=\"elementor-widget-wrap elementor-element-populated\">\n\t\t\t\t\t\t<div class=\"elementor-element elementor-element-6573b97 elementor-widget elementor-widget-text-editor\" data-id=\"6573b97\" data-element_type=\"widget\" data-e-type=\"widget\" data-widget_type=\"text-editor.default\">\n\t\t\t\t<div class=\"elementor-widget-container\">\n\t\t\t\t\t\t\t\t\t<p>These General Terms and Conditions (hereinafter referred to as the \u201cGTC\u201d) apply to all contracts of sale concluded by TEXTRADE Kft. (registered seat: 8043 Iszkaszentgy\u00f6rgy, V\u00e1roskapu \u00dczleth\u00e1z, hrsz. 622\/1., company registration number: 07-09-013750, tax number: 14119888-2-07; hereinafter referred to as the \u201cSeller\u201d) in connection with the sale of goods referred to as \u201cDar\u00e1l\u00e9k \/ Shred\u201d (hereinafter referred to as \u201eGoods\u201d.)  <\/p><ol><li><strong>All such contracts of sale shall be governed by the provisions of Act V of 2013 on the Civil Code of Hungary, as well as by the terms and conditions set forth herein.<\/strong><\/li><\/ol><p>These GTC shall constitute an integral and inseparable part of every contract of sale entered into between the Seller and the Buyer.<\/p><ol><li>1. Definitions<br>For the purposes of these GTC:<br>1. <strong>\u201cContract of Sale\u201d<\/strong> means any agreement concluded between the Seller and the Buyer for the sale and purchase of the Goods.<br>Such contract is formed by a verbal offer made by telephone, specifying the quantity, purchase price, and delivery date of the Goods, and by the Buyer\u2019s acceptance thereof through payment of the amount indicated in the pro forma invoice issued by the Seller.<br>The Contract of Sale shall be deemed concluded upon the Seller\u2019s receipt of the purchase price.<\/li><li>2. \u201c<strong>Goods<\/strong>\u201d means the product called \u201eDar\u00e1l\u00e9k\u201d sold by the Seller to the Buyer under the Contract of Sale.<\/li><li>3. \u201c<strong>Seller<\/strong>\u201d means TEXTRADE Kft. (registered seat: 8043 Iszkaszentgy\u00f6rgy, V\u00e1roskapu \u00dczleth\u00e1z, hrsz. 622\/1., company registration number: 07-09-013750, tax number: 14119888-2-07). <\/li><li>4. \u201c<strong>Buyer<\/strong>\u201d means any natural or legal person entering into a Contract of Sale with the Seller for the purchase of the Goods.<\/li><li><strong>5. Composition and Storage of the Goods<\/strong><\/li><\/ol><ul><li>By paying the purchase price, the Buyer acknowledges and accepts that the Goods are manufactured from recycled materials and may contain up to 1.5% of foreign (non-textile) substances.<\/li><li>By paying the purchase price, the Buyer acknowledges and accepts that the Goods consist predominantly of synthetic materials.<\/li><li>By paying the purchase price, the Buyer acknowledges and accepts that the Goods shall be stored in a dry, covered area prior to use.<\/li><\/ul><ol start=\"3\"><li><strong>3. Quality and Quantity Inspection of the Goods<\/strong><\/li><\/ol><ul><li>By paying the purchase price, the Buyer undertakes to inspect the quality and quantity of the Goods upon delivery.<br>Should the Goods fail to comply with the quantity or quality requirements set out in the Contract of Sale or prescribed by applicable law at the time of delivery, the Buyer may exercise its rights arising from such non-conformity within eight (8) calendar days following the inspection. <\/li><li>By paying the purchase price, the Buyer acknowledges that the Seller shall bear no liability for any defects or damages in the Goods identified after the expiry of the aforementioned eight (8)-day period, including, without limitation, any damages resulting from the mixing of the Goods with other materials.<\/li><li>By paying the purchase price, the Buyer declares that, following the expiry of the eight (8) -day inspection period, it shall have no further claims, demands, or entitlements against the Seller in connection with the Goods supplied under the Contract of Sale, including, but not limited to, any claims for compensation or damages, and that no such claims shall arise in the future.<\/li><\/ul><p> <\/p><p>Executed in Iszkaszentgy\u00f6rgy on 20 July 2023. <\/p><p>Effective as of 20 July 2023. <\/p>\t\t\t\t\t\t\t\t<\/div>\n\t\t\t\t<\/div>\n\t\t\t\t\t<\/div>\n\t\t<\/div>\n\t\t\t\t\t<\/div>\n\t\t<\/section>\n\t\t\t\t<\/div>\n\t\t","protected":false},"excerpt":{"rendered":"<p>GENERAL TERMS AND CONDITIONS OF SALE OF TEXTRADE KFT. These General Terms and Conditions (hereinafter referred to as the \u201cGTC\u201d) apply to all contracts of sale concluded by TEXTRADE Kft. (registered seat: 8043 Iszkaszentgy\u00f6rgy, V\u00e1roskapu \u00dczleth\u00e1z, hrsz. 622\/1., company registration number: 07-09-013750, tax number: 14119888-2-07; hereinafter referred to as the \u201cSeller\u201d) in connection with the [&hellip;]<\/p>\n","protected":false},"author":5,"featured_media":0,"parent":0,"menu_order":0,"comment_status":"closed","ping_status":"closed","template":"","meta":{"slim_seo":{"title":"GTC - FlexTil","description":"GENERAL TERMS AND CONDITIONS OF SALE OF TEXTRADE KFT. These General Terms and Conditions (hereinafter referred to as the \u201cGTC\u201d) apply to all contracts of sale c"},"footnotes":"","_wp_rev_ctl_limit":""},"class_list":["post-2550","page","type-page","status-publish","hentry"],"_links":{"self":[{"href":"https:\/\/flextil.eu\/en\/wp-json\/wp\/v2\/pages\/2550","targetHints":{"allow":["GET"]}}],"collection":[{"href":"https:\/\/flextil.eu\/en\/wp-json\/wp\/v2\/pages"}],"about":[{"href":"https:\/\/flextil.eu\/en\/wp-json\/wp\/v2\/types\/page"}],"author":[{"embeddable":true,"href":"https:\/\/flextil.eu\/en\/wp-json\/wp\/v2\/users\/5"}],"replies":[{"embeddable":true,"href":"https:\/\/flextil.eu\/en\/wp-json\/wp\/v2\/comments?post=2550"}],"version-history":[{"count":1,"href":"https:\/\/flextil.eu\/en\/wp-json\/wp\/v2\/pages\/2550\/revisions"}],"predecessor-version":[{"id":2566,"href":"https:\/\/flextil.eu\/en\/wp-json\/wp\/v2\/pages\/2550\/revisions\/2566"}],"wp:attachment":[{"href":"https:\/\/flextil.eu\/en\/wp-json\/wp\/v2\/media?parent=2550"}],"curies":[{"name":"wp","href":"https:\/\/api.w.org\/{rel}","templated":true}]}}