{"id":2552,"date":"2025-10-15T10:36:48","date_gmt":"2025-10-15T08:36:48","guid":{"rendered":"https:\/\/flextil.eu\/agb\/"},"modified":"2025-10-15T10:36:49","modified_gmt":"2025-10-15T08:36:49","slug":"agb","status":"publish","type":"page","link":"https:\/\/flextil.eu\/de\/agb\/","title":{"rendered":"AGB"},"content":{"rendered":"\t\t<div data-elementor-type=\"wp-page\" data-elementor-id=\"2552\" class=\"elementor elementor-2552 elementor-1910\" data-elementor-post-type=\"page\">\n\t\t\t\t\t\t<section class=\"elementor-section elementor-top-section elementor-element elementor-element-74206d1 elementor-section-boxed elementor-section-height-default elementor-section-height-default\" data-id=\"74206d1\" data-element_type=\"section\" data-e-type=\"section\">\n\t\t\t\t\t\t<div class=\"elementor-container elementor-column-gap-default\">\n\t\t\t\t\t<div class=\"elementor-column elementor-col-100 elementor-top-column elementor-element elementor-element-a123706\" data-id=\"a123706\" data-element_type=\"column\" data-e-type=\"column\">\n\t\t\t<div class=\"elementor-widget-wrap elementor-element-populated\">\n\t\t\t\t\t\t<div class=\"elementor-element elementor-element-19b31e5 elementor-widget elementor-widget-heading\" data-id=\"19b31e5\" data-element_type=\"widget\" data-e-type=\"widget\" data-widget_type=\"heading.default\">\n\t\t\t\t<div class=\"elementor-widget-container\">\n\t\t\t\t\t<h2 class=\"elementor-heading-title elementor-size-default\">ALLGEMEINE VERKAUFSBEDINGUNGEN \nDER TEXTRADE KFT.\n<\/h2>\t\t\t\t<\/div>\n\t\t\t\t<\/div>\n\t\t\t\t\t<\/div>\n\t\t<\/div>\n\t\t\t\t\t<\/div>\n\t\t<\/section>\n\t\t\t\t<section class=\"elementor-section elementor-top-section elementor-element elementor-element-a93b99e elementor-section-boxed elementor-section-height-default elementor-section-height-default\" data-id=\"a93b99e\" data-element_type=\"section\" data-e-type=\"section\">\n\t\t\t\t\t\t<div class=\"elementor-container elementor-column-gap-default\">\n\t\t\t\t\t<div class=\"elementor-column elementor-col-100 elementor-top-column elementor-element elementor-element-6e5283b\" data-id=\"6e5283b\" data-element_type=\"column\" data-e-type=\"column\">\n\t\t\t<div class=\"elementor-widget-wrap elementor-element-populated\">\n\t\t\t\t\t\t<div class=\"elementor-element elementor-element-6573b97 elementor-widget elementor-widget-text-editor\" data-id=\"6573b97\" data-element_type=\"widget\" data-e-type=\"widget\" data-widget_type=\"text-editor.default\">\n\t\t\t\t<div class=\"elementor-widget-container\">\n\t\t\t\t\t\t\t\t\t<p>Diese Allgemeinen Verkaufsbedingungen (nachfolgend \u201eAVB\u201c) gelten f\u00fcr alle zwischen der <strong>TEXTRADE Kft.<\/strong><br>(Sitz: 8043 Iszkaszentgy\u00f6rgy, V\u00e1roskapu \u00dczleth\u00e1z, hrsz. 622\/1., Handelsregisternummer: 07-09-013750, Steuernummer: 14119888-2-07; nachfolgend \u201eVerk\u00e4ufer\u201c)<br>abgeschlossenen Kaufvertr\u00e4ge \u00fcber den Verkauf von Waren, die als \u201eDar\u00e1l\u00e9k \/ Textilshreddergut\u201d bezeichnet werden (nachfolgend \u201eWare\u201c).  <\/p><ol><li><strong>Alle derartigen Kaufvertr\u00e4ge unterliegen den Bestimmungen des ungarischen B\u00fcrgerlichen Gesetzbuches (Gesetz Nr. V von 2013) sowie den nachstehenden Bedingungen.<\/strong><\/li><\/ol><p>Diese AVB bilden einen integrierenden und untrennbaren Bestandteil jedes zwischen Verk\u00e4ufer und K\u00e4ufer geschlossenen Kaufvertrages.<\/p><ol><li>1. Begriffsbestimmungen<br>F\u00fcr die Zwecke dieser AVB gilt:<br>1. \u201e<strong>Kaufvertrag<\/strong>\u201c bezeichnet jede zwischen dem Verk\u00e4ufer und dem K\u00e4ufer abgeschlossene Vereinbarung \u00fcber den Kauf und Verkauf der Ware.<br>Ein solcher Vertrag kommt durch ein m\u00fcndliches, telefonisch abgegebenes Angebot zustande, das die Menge, den Kaufpreis und den Liefertermin der Ware enth\u00e4lt, sowie durch die Annahme dieses Angebots durch den K\u00e4ufer mittels Zahlung des in der vom Verk\u00e4ufer ausgestellten Proforma-Rechnung ausgewiesenen Betrages.<br>Der Kaufvertrag gilt als abgeschlossen, sobald der Kaufpreis beim Verk\u00e4ufer entrichtet ist.<\/li><li>2. \u201e<strong>Ware<\/strong>\u201c bezeichnet das als \u201eDar\u00e1l\u00e9k \/ Textilshreddergut\u201d bezeichnete Produkt, das der Verk\u00e4ufer im Rahmen des Kaufvertrages an den K\u00e4ufer verkauft.<\/li><li>3. \u201e<strong>Verk\u00e4ufer<\/strong>\u201c bezeichnet die TEXTRADE Kft.<br>(Sitz: 8043 Iszkaszentgy\u00f6rgy, V\u00e1roskapu \u00dczleth\u00e1z, hrsz. 622\/1., Handelsregisternummer: 07-09-013750, Steuernummer: 14119888-2-07). <\/li><li>4. \u201e<strong>K\u00e4ufer<\/strong>\u201c bezeichnet jede nat\u00fcrliche oder juristische Person, die mit dem Verk\u00e4ufer einen Kaufvertrag \u00fcber den Erwerb der Ware abschlie\u00dft.<\/li><li><strong>5. Zusammensetzung und Lagerung der Ware<\/strong><\/li><\/ol><ul><li>Mit der Zahlung des Kaufpreises erkennt der K\u00e4ufer an und akzeptiert, dass die Ware aus recycelten Materialien hergestellt ist und bis zu 1,5 % Fremdstoffe (nicht-textiler Herkunft) enthalten kann.<\/li><li>Mit der Zahlung des Kaufpreises erkennt der K\u00e4ufer an und akzeptiert, dass die Ware \u00fcberwiegend aus synthetischen Materialien besteht.<\/li><li>Mit der Zahlung des Kaufpreises erkennt der K\u00e4ufer an und akzeptiert, dass die Ware vor der Verwendung trocken und abgedeckt zu lagern ist.<\/li><\/ul><ol start=\"3\"><li><strong>3. Qualit\u00e4ts- und Mengenpr\u00fcfung der Ware<\/strong><\/li><\/ol><ul><li>Mit der Zahlung des Kaufpreises verpflichtet sich der K\u00e4ufer, die Qualit\u00e4t und Menge der Ware bei der Lieferung zu pr\u00fcfen.<br>Sollte die Ware zum Zeitpunkt der Lieferung nicht den im Kaufvertrag oder den geltenden gesetzlichen Vorschriften festgelegten Mengen- oder Qualit\u00e4tsanforderungen entsprechen, kann der K\u00e4ufer die sich daraus ergebenden Rechte innerhalb von acht (8) Kalendertagen nach der Pr\u00fcfung geltend machen. <\/li><li>Mit der Zahlung des Kaufpreises erkennt der K\u00e4ufer an, dass der Verk\u00e4ufer nach Ablauf der genannten Frist von acht (8) Tagen f\u00fcr etwaige M\u00e4ngel oder Sch\u00e4den an der Ware nicht haftet, einschlie\u00dflich \u2013 jedoch nicht beschr\u00e4nkt auf \u2013 Sch\u00e4den, die durch eine Vermischung der Ware mit anderen Materialien entstehen.<\/li><li>Mit der Zahlung des Kaufpreises erkl\u00e4rt der K\u00e4ufer, dass er nach Ablauf der acht (8) -t\u00e4gigen Pr\u00fcfungsfrist keinerlei weitere Anspr\u00fcche, Forderungen oder Rechte gegen\u00fcber dem Verk\u00e4ufer im Zusammenhang mit der im Rahmen des Kaufvertrages gelieferten Ware hat \u2013 einschlie\u00dflich, jedoch nicht beschr\u00e4nkt auf Schadensersatzanspr\u00fcche \u2013 und dass derartige Anspr\u00fcche auch zuk\u00fcnftig nicht entstehen werden.<\/li><\/ul><p> <\/p><p>Ausgefertigt in Iszkaszentgy\u00f6rgy am 20. Juli 2023. <\/p><p>Inkrafttreten am 20. Juli 2023. <\/p>\t\t\t\t\t\t\t\t<\/div>\n\t\t\t\t<\/div>\n\t\t\t\t\t<\/div>\n\t\t<\/div>\n\t\t\t\t\t<\/div>\n\t\t<\/section>\n\t\t\t\t<\/div>\n\t\t","protected":false},"excerpt":{"rendered":"<p>ALLGEMEINE VERKAUFSBEDINGUNGEN DER TEXTRADE KFT. Diese Allgemeinen Verkaufsbedingungen (nachfolgend \u201eAVB\u201c) gelten f\u00fcr alle zwischen der TEXTRADE Kft.(Sitz: 8043 Iszkaszentgy\u00f6rgy, V\u00e1roskapu \u00dczleth\u00e1z, hrsz. 622\/1., Handelsregisternummer: 07-09-013750, Steuernummer: 14119888-2-07; nachfolgend \u201eVerk\u00e4ufer\u201c)abgeschlossenen Kaufvertr\u00e4ge \u00fcber den Verkauf von Waren, die als \u201eDar\u00e1l\u00e9k \/ Textilshreddergut\u201d bezeichnet werden (nachfolgend \u201eWare\u201c). Alle derartigen Kaufvertr\u00e4ge unterliegen den Bestimmungen des ungarischen B\u00fcrgerlichen Gesetzbuches (Gesetz [&hellip;]<\/p>\n","protected":false},"author":5,"featured_media":0,"parent":0,"menu_order":0,"comment_status":"closed","ping_status":"closed","template":"","meta":{"slim_seo":{"title":"AGB - FlexTil","description":"ALLGEMEINE VERKAUFSBEDINGUNGEN DER TEXTRADE KFT. Diese Allgemeinen Verkaufsbedingungen (nachfolgend \u201eAVB\u201c) gelten f\u00fcr alle zwischen der TEXTRADE Kft. (Sitz: 804"},"footnotes":"","_wp_rev_ctl_limit":""},"class_list":["post-2552","page","type-page","status-publish","hentry"],"_links":{"self":[{"href":"https:\/\/flextil.eu\/de\/wp-json\/wp\/v2\/pages\/2552","targetHints":{"allow":["GET"]}}],"collection":[{"href":"https:\/\/flextil.eu\/de\/wp-json\/wp\/v2\/pages"}],"about":[{"href":"https:\/\/flextil.eu\/de\/wp-json\/wp\/v2\/types\/page"}],"author":[{"embeddable":true,"href":"https:\/\/flextil.eu\/de\/wp-json\/wp\/v2\/users\/5"}],"replies":[{"embeddable":true,"href":"https:\/\/flextil.eu\/de\/wp-json\/wp\/v2\/comments?post=2552"}],"version-history":[{"count":1,"href":"https:\/\/flextil.eu\/de\/wp-json\/wp\/v2\/pages\/2552\/revisions"}],"predecessor-version":[{"id":2553,"href":"https:\/\/flextil.eu\/de\/wp-json\/wp\/v2\/pages\/2552\/revisions\/2553"}],"wp:attachment":[{"href":"https:\/\/flextil.eu\/de\/wp-json\/wp\/v2\/media?parent=2552"}],"curies":[{"name":"wp","href":"https:\/\/api.w.org\/{rel}","templated":true}]}}